{"id":11,"date":"2024-03-15T14:36:42","date_gmt":"2024-03-15T14:36:42","guid":{"rendered":"https:\/\/www.ateliermep.com\/ateliermep\/?page_id=11"},"modified":"2025-11-26T16:29:43","modified_gmt":"2025-11-26T15:29:43","slug":"agence","status":"publish","type":"page","link":"https:\/\/www.ateliermep.com\/ateliermep\/agence\/","title":{"rendered":"agence"},"content":{"rendered":"\t\t<div data-elementor-type=\"wp-page\" data-elementor-id=\"11\" class=\"elementor elementor-11\" data-elementor-post-type=\"page\">\n\t\t\t\t\t\t<section class=\"elementor-section elementor-top-section elementor-element elementor-element-f34f5d6 elementor-section-boxed elementor-section-height-default elementor-section-height-default elementor-invisible\" data-id=\"f34f5d6\" data-element_type=\"section\" data-settings=\"{&quot;animation&quot;:&quot;fadeIn&quot;}\">\n\t\t\t\t\t\t<div class=\"elementor-container elementor-column-gap-default\">\n\t\t\t\t\t<div class=\"elementor-column elementor-col-50 elementor-top-column elementor-element elementor-element-b22bff0\" data-id=\"b22bff0\" data-element_type=\"column\">\n\t\t\t<div class=\"elementor-widget-wrap elementor-element-populated\">\n\t\t\t\t\t\t<div class=\"elementor-element elementor-element-a23477c elementor-widget__width-initial elementor-widget elementor-widget-text-editor\" data-id=\"a23477c\" data-element_type=\"widget\" data-widget_type=\"text-editor.default\">\n\t\t\t\t<div class=\"elementor-widget-container\">\n\t\t\t\t\t\t\t\t\t<p>| atelier<\/p>\t\t\t\t\t\t\t\t<\/div>\n\t\t\t\t<\/div>\n\t\t\t\t<div class=\"elementor-element elementor-element-aadfbd7 elementor-widget__width-initial elementor-widget elementor-widget-heading\" data-id=\"aadfbd7\" data-element_type=\"widget\" data-widget_type=\"heading.default\">\n\t\t\t\t<div class=\"elementor-widget-container\">\n\t\t\t\t\t<h2 class=\"elementor-heading-title elementor-size-default\">MEP<\/h2>\t\t\t\t<\/div>\n\t\t\t\t<\/div>\n\t\t\t\t<div class=\"elementor-element elementor-element-71cbb2f elementor-widget__width-initial elementor-widget-mobile__width-initial elementor-widget elementor-widget-text-editor\" data-id=\"71cbb2f\" data-element_type=\"widget\" data-widget_type=\"text-editor.default\">\n\t\t\t\t<div class=\"elementor-widget-container\">\n\t\t\t\t\t\t\t\t\t<p>|<\/p>\t\t\t\t\t\t\t\t<\/div>\n\t\t\t\t<\/div>\n\t\t\t\t\t<\/div>\n\t\t<\/div>\n\t\t\t\t<div class=\"elementor-column elementor-col-50 elementor-top-column elementor-element elementor-element-8743ca3\" data-id=\"8743ca3\" data-element_type=\"column\">\n\t\t\t<div class=\"elementor-widget-wrap\">\n\t\t\t\t\t\t\t<\/div>\n\t\t<\/div>\n\t\t\t\t\t<\/div>\n\t\t<\/section>\n\t\t\t\t<section class=\"elementor-section elementor-top-section elementor-element elementor-element-17e6436 elementor-section-boxed elementor-section-height-default elementor-section-height-default elementor-invisible\" data-id=\"17e6436\" data-element_type=\"section\" data-settings=\"{&quot;animation&quot;:&quot;fadeIn&quot;}\">\n\t\t\t\t\t\t<div class=\"elementor-container elementor-column-gap-default\">\n\t\t\t\t\t<div class=\"elementor-column elementor-col-33 elementor-top-column elementor-element elementor-element-6efdc1a\" data-id=\"6efdc1a\" data-element_type=\"column\">\n\t\t\t<div class=\"elementor-widget-wrap elementor-element-populated\">\n\t\t\t\t\t\t<div class=\"elementor-element elementor-element-95c4d1a elementor-widget elementor-widget-image\" data-id=\"95c4d1a\" data-element_type=\"widget\" data-widget_type=\"image.default\">\n\t\t\t\t<div class=\"elementor-widget-container\">\n\t\t\t\t\t\t\t\t\t\t\t\t\t\t\t<img fetchpriority=\"high\" decoding=\"async\" width=\"1030\" height=\"1373\" src=\"https:\/\/www.ateliermep.com\/ateliermep\/wp-content\/uploads\/2024\/04\/IMG_1830_2.jpg\" class=\"attachment-full size-full wp-image-1120\" alt=\"\" srcset=\"https:\/\/www.ateliermep.com\/ateliermep\/wp-content\/uploads\/2024\/04\/IMG_1830_2.jpg 1030w, https:\/\/www.ateliermep.com\/ateliermep\/wp-content\/uploads\/2024\/04\/IMG_1830_2-225x300.jpg 225w, https:\/\/www.ateliermep.com\/ateliermep\/wp-content\/uploads\/2024\/04\/IMG_1830_2-768x1024.jpg 768w\" sizes=\"(max-width: 1030px) 100vw, 1030px\" \/>\t\t\t\t\t\t\t\t\t\t\t\t\t\t\t<\/div>\n\t\t\t\t<\/div>\n\t\t\t\t\t<\/div>\n\t\t<\/div>\n\t\t\t\t<div class=\"elementor-column elementor-col-33 elementor-top-column elementor-element elementor-element-5232c48\" data-id=\"5232c48\" data-element_type=\"column\">\n\t\t\t<div class=\"elementor-widget-wrap\">\n\t\t\t\t\t\t\t<\/div>\n\t\t<\/div>\n\t\t\t\t<div class=\"elementor-column elementor-col-33 elementor-top-column elementor-element elementor-element-00302c9\" data-id=\"00302c9\" data-element_type=\"column\">\n\t\t\t<div class=\"elementor-widget-wrap\">\n\t\t\t\t\t\t\t<\/div>\n\t\t<\/div>\n\t\t\t\t\t<\/div>\n\t\t<\/section>\n\t\t\t\t<section class=\"elementor-section elementor-top-section elementor-element elementor-element-19f1bd9 elementor-section-height-min-height elementor-section-items-top elementor-section-boxed elementor-section-height-default elementor-invisible\" data-id=\"19f1bd9\" data-element_type=\"section\" data-settings=\"{&quot;animation&quot;:&quot;fadeIn&quot;}\">\n\t\t\t\t\t\t<div class=\"elementor-container elementor-column-gap-default\">\n\t\t\t\t\t<div class=\"elementor-column elementor-col-33 elementor-top-column elementor-element elementor-element-07f7fb3\" data-id=\"07f7fb3\" data-element_type=\"column\">\n\t\t\t<div class=\"elementor-widget-wrap elementor-element-populated\">\n\t\t\t\t\t\t<div class=\"elementor-element elementor-element-d6e67a3 elementor-widget elementor-widget-text-editor\" data-id=\"d6e67a3\" data-element_type=\"widget\" data-widget_type=\"text-editor.default\">\n\t\t\t\t<div class=\"elementor-widget-container\">\n\t\t\t\t\t\t\t\t\t<p>L\u2019atelier MEP est une \u00e9quipe jeune et dynamique bas\u00e9e \u00e0 Paris, cr\u00e9\u00e9e en Octobre 2010 par l\u2019architecte Flavio Piasente.<br \/>Des exp\u00e9riences scolaires et professionnelles internationales et vari\u00e9es ont permis de d\u00e9velopper une approche multidisciplinaire et sensible \u00e0 la complexit\u00e9 du contexte de chaque projet.<br \/>L\u2019atelier MEP s\u2019appuie sur la ma\u00eetrise d\u2019un savoir faire technique et sur la capacit\u00e9 \u00e0 comprendre les enjeux de chaque projet, \u00e0 diff\u00e9rentes \u00e9chelles, avec une attention constante au d\u00e9veloppement durable.<\/p>\t\t\t\t\t\t\t\t<\/div>\n\t\t\t\t<\/div>\n\t\t\t\t\t<\/div>\n\t\t<\/div>\n\t\t\t\t<div class=\"elementor-column elementor-col-33 elementor-top-column elementor-element elementor-element-e48a87a\" data-id=\"e48a87a\" data-element_type=\"column\">\n\t\t\t<div class=\"elementor-widget-wrap elementor-element-populated\">\n\t\t\t\t\t\t<div class=\"elementor-element elementor-element-8a58d24 elementor-widget elementor-widget-text-editor\" data-id=\"8a58d24\" data-element_type=\"widget\" data-widget_type=\"text-editor.default\">\n\t\t\t\t<div class=\"elementor-widget-container\">\n\t\t\t\t\t\t\t\t\t<p>Flavio Piasente architecte DPLG<br \/>N\u00e9 en Italie, bas\u00e9 sur Paris, Flavio Piasente a \u00e9tudi\u00e9 architecture \u00e0 l\u2019\u00e9cole IUAV de Venise.<br \/>Il reste singuli\u00e8rement marqu\u00e9 par son ann\u00e9e Erasmus \u00e0 l\u2019\u00c9cole St. Luc de Bruxelles et par sa th\u00e8se de dipl\u00f4me avec les professeurs Bernardo Secchi et Alberto Ferlenga.<br \/>Apr\u00e8s une ann\u00e9e d\u2019experience en Italie dans l\u2019agence DRH, il travaille \u00e0 Paris dans l\u2019agence GA Architecture.<br \/>En 2010 il fonde son agence, l\u2019atelier MEP.<\/p>\t\t\t\t\t\t\t\t<\/div>\n\t\t\t\t<\/div>\n\t\t\t\t\t<\/div>\n\t\t<\/div>\n\t\t\t\t<div class=\"elementor-column elementor-col-33 elementor-top-column elementor-element elementor-element-18decf9\" data-id=\"18decf9\" data-element_type=\"column\">\n\t\t\t<div class=\"elementor-widget-wrap elementor-element-populated\">\n\t\t\t\t\t\t<div class=\"elementor-element elementor-element-eef2c36 elementor-widget elementor-widget-text-editor\" data-id=\"eef2c36\" data-element_type=\"widget\" data-widget_type=\"text-editor.default\">\n\t\t\t\t<div class=\"elementor-widget-container\">\n\t\t\t\t\t\t\t\t\t<p>Alessandra Mecchia architecte DPLG<br \/>Alessandra Mecchia a \u00e9tudi\u00e9 architecture \u00e0 l\u2019\u00e9cole IUAV de Venise.<br \/>Elle travaille avec diff\u00e9rentes agences sur des projets d\u2019architecture et d\u2019int\u00e9rieur, \u00e0 Paris et en Italie, et sur un projet de recherche internationale pour la conception d\u2019un prototype de maison bioclimatique \u00e0 Tahiti.<br \/>En 2009 elle suit une formation en \u201cHQE ing\u00e9nierie et management de la qualit\u00e9 environnementale\u201d \u00e0 l\u2019Ecole Sp\u00e9ciale d\u2019Architecture de Paris.<br \/>En 2011 elle rejoint l\u2019atelier MEP.<\/p>\t\t\t\t\t\t\t\t<\/div>\n\t\t\t\t<\/div>\n\t\t\t\t\t<\/div>\n\t\t<\/div>\n\t\t\t\t\t<\/div>\n\t\t<\/section>\n\t\t\t\t<\/div>\n\t\t","protected":false},"excerpt":{"rendered":"<p>| atelier MEP | L\u2019atelier MEP est une \u00e9quipe jeune et dynamique bas\u00e9e \u00e0 Paris, cr\u00e9\u00e9e en Octobre 2010 par l\u2019architecte Flavio Piasente.Des exp\u00e9riences scolaires et professionnelles internationales et vari\u00e9es ont permis de d\u00e9velopper une approche multidisciplinaire et sensible \u00e0 la complexit\u00e9 du contexte de chaque projet.L\u2019atelier MEP s\u2019appuie sur la ma\u00eetrise d\u2019un savoir faire [&hellip;]<\/p>\n","protected":false},"author":1,"featured_media":0,"parent":0,"menu_order":0,"comment_status":"closed","ping_status":"closed","template":"","meta":{"footnotes":""},"class_list":["post-11","page","type-page","status-publish","hentry"],"yoast_head":"<!-- This site is optimized with the Yoast SEO plugin v26.4 - https:\/\/yoast.com\/wordpress\/plugins\/seo\/ -->\n<title>agence - Atelier MEP<\/title>\n<meta name=\"robots\" content=\"index, follow, max-snippet:-1, max-image-preview:large, max-video-preview:-1\" \/>\n<link rel=\"canonical\" href=\"https:\/\/www.ateliermep.com\/ateliermep\/agence\/\" \/>\n<meta property=\"og:locale\" content=\"fr_FR\" \/>\n<meta property=\"og:type\" content=\"article\" \/>\n<meta property=\"og:title\" content=\"agence - Atelier MEP\" \/>\n<meta property=\"og:description\" content=\"| atelier MEP | L\u2019atelier MEP est une \u00e9quipe jeune et dynamique bas\u00e9e \u00e0 Paris, cr\u00e9\u00e9e en Octobre 2010 par l\u2019architecte Flavio Piasente.Des exp\u00e9riences scolaires et professionnelles internationales et vari\u00e9es ont permis de d\u00e9velopper une approche multidisciplinaire et sensible \u00e0 la complexit\u00e9 du contexte de chaque projet.L\u2019atelier MEP s\u2019appuie sur la ma\u00eetrise d\u2019un savoir faire [&hellip;]\" \/>\n<meta property=\"og:url\" content=\"https:\/\/www.ateliermep.com\/ateliermep\/agence\/\" \/>\n<meta property=\"og:site_name\" content=\"Atelier MEP\" \/>\n<meta property=\"article:publisher\" content=\"https:\/\/www.facebook.com\/AtelierMep\" \/>\n<meta property=\"article:modified_time\" content=\"2025-11-26T15:29:43+00:00\" \/>\n<meta property=\"og:image\" content=\"https:\/\/www.ateliermep.com\/ateliermep\/wp-content\/uploads\/2024\/04\/IMG_1830_2.jpg\" \/>\n<meta name=\"twitter:card\" content=\"summary_large_image\" \/>\n<meta name=\"twitter:label1\" content=\"Dur\u00e9e de lecture estim\u00e9e\" \/>\n\t<meta name=\"twitter:data1\" content=\"2 minutes\" \/>\n<script type=\"application\/ld+json\" class=\"yoast-schema-graph\">{\"@context\":\"https:\/\/schema.org\",\"@graph\":[{\"@type\":\"WebPage\",\"@id\":\"https:\/\/www.ateliermep.com\/ateliermep\/agence\/\",\"url\":\"https:\/\/www.ateliermep.com\/ateliermep\/agence\/\",\"name\":\"agence - Atelier MEP\",\"isPartOf\":{\"@id\":\"https:\/\/www.ateliermep.com\/ateliermep\/#website\"},\"primaryImageOfPage\":{\"@id\":\"https:\/\/www.ateliermep.com\/ateliermep\/agence\/#primaryimage\"},\"image\":{\"@id\":\"https:\/\/www.ateliermep.com\/ateliermep\/agence\/#primaryimage\"},\"thumbnailUrl\":\"https:\/\/www.ateliermep.com\/ateliermep\/wp-content\/uploads\/2024\/04\/IMG_1830_2.jpg\",\"datePublished\":\"2024-03-15T14:36:42+00:00\",\"dateModified\":\"2025-11-26T15:29:43+00:00\",\"breadcrumb\":{\"@id\":\"https:\/\/www.ateliermep.com\/ateliermep\/agence\/#breadcrumb\"},\"inLanguage\":\"fr-FR\",\"potentialAction\":[{\"@type\":\"ReadAction\",\"target\":[\"https:\/\/www.ateliermep.com\/ateliermep\/agence\/\"]}]},{\"@type\":\"ImageObject\",\"inLanguage\":\"fr-FR\",\"@id\":\"https:\/\/www.ateliermep.com\/ateliermep\/agence\/#primaryimage\",\"url\":\"https:\/\/www.ateliermep.com\/ateliermep\/wp-content\/uploads\/2024\/04\/IMG_1830_2.jpg\",\"contentUrl\":\"https:\/\/www.ateliermep.com\/ateliermep\/wp-content\/uploads\/2024\/04\/IMG_1830_2.jpg\",\"width\":1030,\"height\":1373},{\"@type\":\"BreadcrumbList\",\"@id\":\"https:\/\/www.ateliermep.com\/ateliermep\/agence\/#breadcrumb\",\"itemListElement\":[{\"@type\":\"ListItem\",\"position\":1,\"name\":\"Accueil\",\"item\":\"https:\/\/www.ateliermep.com\/ateliermep\/it\/home-italiano\/\"},{\"@type\":\"ListItem\",\"position\":2,\"name\":\"agence\"}]},{\"@type\":\"WebSite\",\"@id\":\"https:\/\/www.ateliermep.com\/ateliermep\/#website\",\"url\":\"https:\/\/www.ateliermep.com\/ateliermep\/\",\"name\":\"Atelier MEP\",\"description\":\"agence d&#039;architecture\",\"publisher\":{\"@id\":\"https:\/\/www.ateliermep.com\/ateliermep\/#organization\"},\"potentialAction\":[{\"@type\":\"SearchAction\",\"target\":{\"@type\":\"EntryPoint\",\"urlTemplate\":\"https:\/\/www.ateliermep.com\/ateliermep\/?s={search_term_string}\"},\"query-input\":{\"@type\":\"PropertyValueSpecification\",\"valueRequired\":true,\"valueName\":\"search_term_string\"}}],\"inLanguage\":\"fr-FR\"},{\"@type\":\"Organization\",\"@id\":\"https:\/\/www.ateliermep.com\/ateliermep\/#organization\",\"name\":\"Agence d'architecture\",\"url\":\"https:\/\/www.ateliermep.com\/ateliermep\/\",\"logo\":{\"@type\":\"ImageObject\",\"inLanguage\":\"fr-FR\",\"@id\":\"https:\/\/www.ateliermep.com\/ateliermep\/#\/schema\/logo\/image\/\",\"url\":\"https:\/\/www.ateliermep.com\/ateliermep\/wp-content\/uploads\/2024\/03\/Logo-Home-header-2.png\",\"contentUrl\":\"https:\/\/www.ateliermep.com\/ateliermep\/wp-content\/uploads\/2024\/03\/Logo-Home-header-2.png\",\"width\":350,\"height\":141,\"caption\":\"Agence d'architecture\"},\"image\":{\"@id\":\"https:\/\/www.ateliermep.com\/ateliermep\/#\/schema\/logo\/image\/\"},\"sameAs\":[\"https:\/\/www.facebook.com\/AtelierMep\",\"https:\/\/www.instagram.com\/atelier_mep\/\"]}]}<\/script>\n<!-- \/ Yoast SEO plugin. -->","yoast_head_json":{"title":"agence - Atelier MEP","robots":{"index":"index","follow":"follow","max-snippet":"max-snippet:-1","max-image-preview":"max-image-preview:large","max-video-preview":"max-video-preview:-1"},"canonical":"https:\/\/www.ateliermep.com\/ateliermep\/agence\/","og_locale":"fr_FR","og_type":"article","og_title":"agence - Atelier MEP","og_description":"| atelier MEP | L\u2019atelier MEP est une \u00e9quipe jeune et dynamique bas\u00e9e \u00e0 Paris, cr\u00e9\u00e9e en Octobre 2010 par l\u2019architecte Flavio Piasente.Des exp\u00e9riences scolaires et professionnelles internationales et vari\u00e9es ont permis de d\u00e9velopper une approche multidisciplinaire et sensible \u00e0 la complexit\u00e9 du contexte de chaque projet.L\u2019atelier MEP s\u2019appuie sur la ma\u00eetrise d\u2019un savoir faire [&hellip;]","og_url":"https:\/\/www.ateliermep.com\/ateliermep\/agence\/","og_site_name":"Atelier MEP","article_publisher":"https:\/\/www.facebook.com\/AtelierMep","article_modified_time":"2025-11-26T15:29:43+00:00","og_image":[{"url":"https:\/\/www.ateliermep.com\/ateliermep\/wp-content\/uploads\/2024\/04\/IMG_1830_2.jpg","type":"","width":"","height":""}],"twitter_card":"summary_large_image","twitter_misc":{"Dur\u00e9e de lecture estim\u00e9e":"2 minutes"},"schema":{"@context":"https:\/\/schema.org","@graph":[{"@type":"WebPage","@id":"https:\/\/www.ateliermep.com\/ateliermep\/agence\/","url":"https:\/\/www.ateliermep.com\/ateliermep\/agence\/","name":"agence - Atelier MEP","isPartOf":{"@id":"https:\/\/www.ateliermep.com\/ateliermep\/#website"},"primaryImageOfPage":{"@id":"https:\/\/www.ateliermep.com\/ateliermep\/agence\/#primaryimage"},"image":{"@id":"https:\/\/www.ateliermep.com\/ateliermep\/agence\/#primaryimage"},"thumbnailUrl":"https:\/\/www.ateliermep.com\/ateliermep\/wp-content\/uploads\/2024\/04\/IMG_1830_2.jpg","datePublished":"2024-03-15T14:36:42+00:00","dateModified":"2025-11-26T15:29:43+00:00","breadcrumb":{"@id":"https:\/\/www.ateliermep.com\/ateliermep\/agence\/#breadcrumb"},"inLanguage":"fr-FR","potentialAction":[{"@type":"ReadAction","target":["https:\/\/www.ateliermep.com\/ateliermep\/agence\/"]}]},{"@type":"ImageObject","inLanguage":"fr-FR","@id":"https:\/\/www.ateliermep.com\/ateliermep\/agence\/#primaryimage","url":"https:\/\/www.ateliermep.com\/ateliermep\/wp-content\/uploads\/2024\/04\/IMG_1830_2.jpg","contentUrl":"https:\/\/www.ateliermep.com\/ateliermep\/wp-content\/uploads\/2024\/04\/IMG_1830_2.jpg","width":1030,"height":1373},{"@type":"BreadcrumbList","@id":"https:\/\/www.ateliermep.com\/ateliermep\/agence\/#breadcrumb","itemListElement":[{"@type":"ListItem","position":1,"name":"Accueil","item":"https:\/\/www.ateliermep.com\/ateliermep\/it\/home-italiano\/"},{"@type":"ListItem","position":2,"name":"agence"}]},{"@type":"WebSite","@id":"https:\/\/www.ateliermep.com\/ateliermep\/#website","url":"https:\/\/www.ateliermep.com\/ateliermep\/","name":"Atelier MEP","description":"agence d&#039;architecture","publisher":{"@id":"https:\/\/www.ateliermep.com\/ateliermep\/#organization"},"potentialAction":[{"@type":"SearchAction","target":{"@type":"EntryPoint","urlTemplate":"https:\/\/www.ateliermep.com\/ateliermep\/?s={search_term_string}"},"query-input":{"@type":"PropertyValueSpecification","valueRequired":true,"valueName":"search_term_string"}}],"inLanguage":"fr-FR"},{"@type":"Organization","@id":"https:\/\/www.ateliermep.com\/ateliermep\/#organization","name":"Agence d'architecture","url":"https:\/\/www.ateliermep.com\/ateliermep\/","logo":{"@type":"ImageObject","inLanguage":"fr-FR","@id":"https:\/\/www.ateliermep.com\/ateliermep\/#\/schema\/logo\/image\/","url":"https:\/\/www.ateliermep.com\/ateliermep\/wp-content\/uploads\/2024\/03\/Logo-Home-header-2.png","contentUrl":"https:\/\/www.ateliermep.com\/ateliermep\/wp-content\/uploads\/2024\/03\/Logo-Home-header-2.png","width":350,"height":141,"caption":"Agence d'architecture"},"image":{"@id":"https:\/\/www.ateliermep.com\/ateliermep\/#\/schema\/logo\/image\/"},"sameAs":["https:\/\/www.facebook.com\/AtelierMep","https:\/\/www.instagram.com\/atelier_mep\/"]}]}},"_links":{"self":[{"href":"https:\/\/www.ateliermep.com\/ateliermep\/wp-json\/wp\/v2\/pages\/11","targetHints":{"allow":["GET"]}}],"collection":[{"href":"https:\/\/www.ateliermep.com\/ateliermep\/wp-json\/wp\/v2\/pages"}],"about":[{"href":"https:\/\/www.ateliermep.com\/ateliermep\/wp-json\/wp\/v2\/types\/page"}],"author":[{"embeddable":true,"href":"https:\/\/www.ateliermep.com\/ateliermep\/wp-json\/wp\/v2\/users\/1"}],"replies":[{"embeddable":true,"href":"https:\/\/www.ateliermep.com\/ateliermep\/wp-json\/wp\/v2\/comments?post=11"}],"version-history":[{"count":20,"href":"https:\/\/www.ateliermep.com\/ateliermep\/wp-json\/wp\/v2\/pages\/11\/revisions"}],"predecessor-version":[{"id":2565,"href":"https:\/\/www.ateliermep.com\/ateliermep\/wp-json\/wp\/v2\/pages\/11\/revisions\/2565"}],"wp:attachment":[{"href":"https:\/\/www.ateliermep.com\/ateliermep\/wp-json\/wp\/v2\/media?parent=11"}],"curies":[{"name":"wp","href":"https:\/\/api.w.org\/{rel}","templated":true}]}}