{"id":3,"date":"2024-03-15T14:27:26","date_gmt":"2024-03-15T14:27:26","guid":{"rendered":"https:\/\/www.ateliermep.com\/ateliermep\/?page_id=3"},"modified":"2024-04-02T12:17:49","modified_gmt":"2024-04-02T10:17:49","slug":"privacy-policy","status":"publish","type":"page","link":"https:\/\/www.ateliermep.com\/ateliermep\/privacy-policy\/","title":{"rendered":"Mentions L\u00e9gales"},"content":{"rendered":"\t\t<div data-elementor-type=\"wp-page\" data-elementor-id=\"3\" class=\"elementor elementor-3\" data-elementor-post-type=\"page\">\n\t\t\t\t\t\t<section class=\"elementor-section elementor-top-section elementor-element elementor-element-4e342e85 elementor-section-boxed elementor-section-height-default elementor-section-height-default\" data-id=\"4e342e85\" data-element_type=\"section\">\n\t\t\t\t\t\t<div class=\"elementor-container elementor-column-gap-default\">\n\t\t\t\t\t<div class=\"elementor-column elementor-col-100 elementor-top-column elementor-element elementor-element-e5d39e4\" data-id=\"e5d39e4\" data-element_type=\"column\">\n\t\t\t<div class=\"elementor-widget-wrap elementor-element-populated\">\n\t\t\t\t\t\t<div class=\"elementor-element elementor-element-bbeeed1 elementor-widget elementor-widget-heading\" data-id=\"bbeeed1\" data-element_type=\"widget\" data-widget_type=\"heading.default\">\n\t\t\t\t<div class=\"elementor-widget-container\">\n\t\t\t\t\t<h2 class=\"elementor-heading-title elementor-size-default\">Mentions L\u00e9gales<\/h2>\t\t\t\t<\/div>\n\t\t\t\t<\/div>\n\t\t\t\t<div class=\"elementor-element elementor-element-9fefae8 elementor-widget elementor-widget-text-editor\" data-id=\"9fefae8\" data-element_type=\"widget\" data-widget_type=\"text-editor.default\">\n\t\t\t\t<div class=\"elementor-widget-container\">\n\t\t\t\t\t\t\t\t\t<p><b>\u00c9DITEUR DU SITE<\/b><br \/>Atelier MEP<br \/>12 rue Vitruve 75020 Paris<br \/>T. 33 (0)9 50 33 06 16\u00a0<br \/>www.ateliermep.com<\/p>\n<p><br \/><b>CONCEPTION DU SITE<\/b><br \/>Conception et d\u00e9veloppement :\u00a0<a href=\"http:\/\/www.ateliermep.com\/\" target=\"_blank\" rel=\"noopener\">ateliermep<\/a><\/p>\n<p><b>ACC\u00c8S AU SITE<\/b><br \/>L\u2019utilisateur du site internet www.ateliermep.com reconna\u00eet disposer de la comp\u00e9tence et des moyens n\u00e9cessaires pour acc\u00e9der et utiliser ce site internet. Conform\u00e9ment \u00e0 la loi du 6 janvier 1978 relative \u00e0 l\u2019informatique, aux fichiers et aux libert\u00e9s, ce site web a fait l\u2019objet d\u2019une d\u00e9claration aupr\u00e8s de la Commission Nationale de l\u2019Informatique et des Libert\u00e9s (CNIL). Les utilisateurs sur site web sont tenus de respecter les dispositions de la loi relative \u00e0 l\u2019informatique, aux fichiers et aux libert\u00e9s, dont la violation est passible de sanctions p\u00e9nales. Ils doivent notamment s\u2019abstenir, s\u2019agissant d\u2019informations nominatives auxquelles ils acc\u00e8dent, de toute collecte, de toute utilisation d\u00e9tourn\u00e9e et d\u2019une mani\u00e8re g\u00e9n\u00e9rale, de tout acte susceptible de porter atteinte \u00e0 la vie priv\u00e9e ou \u00e0 la r\u00e9putation des personnes.<\/p>\n<p><b>CONTENU DU SITE<\/b><br \/>L&rsquo;atelier MEP ne saurait \u00eatre tenue pour responsable des erreurs ou de l\u2019indisponibilit\u00e9 de certaines informations. Nous remercions les utilisateurs du site de nous faire part d\u2019\u00e9ventuelles omissions, erreurs ou corrections, en adressant un email au webmaster du site.<\/p>\n<p><b>PROPRI\u00c9T\u00c9<\/b><br \/>Conform\u00e9ment aux textes et dispositions r\u00e9gissant les droits d\u2019auteurs, les droits de propri\u00e9t\u00e9 litt\u00e9raire et artistique et\/ou les droits voisins, la reproduction, la repr\u00e9sentation et l\u2019usage de tout ou partie des \u00e9l\u00e9ments composant le site www.ateliermep.com \u00e0 des fins autres que strictement priv\u00e9es sont interdites en l\u2019absence d\u2019autorisation pr\u00e9alable \u00e9crite de Atelier MEP.<br \/>Toute repr\u00e9sentation totale ou partielle de ce site, par quelques proc\u00e9d\u00e9s que ce soient, sans autorisation expresse de l\u2019atelier MEP, est interdite et constituerait une contrefa\u00e7on sanctionn\u00e9e par les articles L335-2 et suivants du Code de la propri\u00e9t\u00e9 intellectuelle.<br \/>Les liens hypertextes mis en place dans le cadre du pr\u00e9sent site web en direction d\u2019autres ressources pr\u00e9sentes sur le r\u00e9seau internet, ne sauraient engager la responsabilit\u00e9 de l\u2019atelier MEP.<\/p>\n<p><b>DONN\u00c9ES PERSONNELLES<\/b><br \/>En conformit\u00e9 avec les dispositions de la loi du 6 janvier 1978 relative \u00e0 l\u2019informatique, aux fichiers et aux libert\u00e9s, le traitement automatis\u00e9 des donn\u00e9es nominatives r\u00e9alis\u00e9 \u00e0 partir de ce site web a fait l\u2019objet d\u2019une d\u00e9claration aupr\u00e8s de la Commission Nationale de l\u2019Informatique et des Libert\u00e9s (CNIL). Ce site ne collecte aucune autre donn\u00e9e que des adresses IP destin\u00e9es \u00e0 un usage purement technique, n\u00e9cessaire \u00e0 la production de statistiques de consultation. Les courriers et documents re\u00e7us ou envoy\u00e9s par le biais de la messagerie \u00e9lectronique sont conserv\u00e9s pendant une dur\u00e9e de un an et sont ensuite sauvegard\u00e9s.<\/p>\n<p><b>LOI APPLICABLE<\/b><br \/>L\u2019usage de ce site web est r\u00e9gi par la loi fran\u00e7aise \u00e0 l\u2019exception de toute autre l\u00e9gislation.<\/p>\t\t\t\t\t\t\t\t<\/div>\n\t\t\t\t<\/div>\n\t\t\t\t<div class=\"elementor-element elementor-element-56d0b12c elementor-widget elementor-widget-text-editor\" data-id=\"56d0b12c\" data-element_type=\"widget\" data-widget_type=\"text-editor.default\">\n\t\t\t\t<div class=\"elementor-widget-container\">\n\t\t\t\t\t\t\t\t\t\n<h2 class=\"wp-block-heading\">Who we are<\/h2>\n\n<p>Our website address is: http:\/\/ateliermep.<\/p>\n\n<h2 class=\"wp-block-heading\">Comments<\/h2>\n\n<p>When visitors leave comments on the site we collect the data shown in the comments form, and also the visitor\u2019s IP address and browser user agent string to help spam detection.<\/p>\n\n<p>An anonymized string created from your email address (also called a hash) may be provided to the Gravatar service to see if you are using it. The Gravatar service privacy policy is available here: https:\/\/automattic.com\/privacy\/. After approval of your comment, your profile picture is visible to the public in the context of your comment.<\/p>\n\n<h2 class=\"wp-block-heading\">Media<\/h2>\n\n<p>If you upload images to the website, you should avoid uploading images with embedded location data (EXIF GPS) included. Visitors to the website can download and extract any location data from images on the website.<\/p>\n\n<h2 class=\"wp-block-heading\">Cookies<\/h2>\n\n<p>If you leave a comment on our site you may opt-in to saving your name, email address and website in cookies. These are for your convenience so that you do not have to fill in your details again when you leave another comment. These cookies will last for one year.<\/p>\n\n<p>If you visit our login page, we will set a temporary cookie to determine if your browser accepts cookies. This cookie contains no personal data and is discarded when you close your browser.<\/p>\n\n<p>When you log in, we will also set up several cookies to save your login information and your screen display choices. Login cookies last for two days, and screen options cookies last for a year. If you select \u00ab\u00a0Remember Me\u00a0\u00bb, your login will persist for two weeks. If you log out of your account, the login cookies will be removed.<\/p>\n\n<p>If you edit or publish an article, an additional cookie will be saved in your browser. This cookie includes no personal data and simply indicates the post ID of the article you just edited. It expires after 1 day.<\/p>\n\n<h2 class=\"wp-block-heading\">Embedded content from other websites<\/h2>\n\n<p>Articles on this site may include embedded content (e.g. videos, images, articles, etc.). Embedded content from other websites behaves in the exact same way as if the visitor has visited the other website.<\/p>\n\n<p>These websites may collect data about you, use cookies, embed additional third-party tracking, and monitor your interaction with that embedded content, including tracking your interaction with the embedded content if you have an account and are logged in to that website.<\/p>\n\n<h2 class=\"wp-block-heading\">Who we share your data with<\/h2>\n\n<p>If you request a password reset, your IP address will be included in the reset email.<\/p>\n\n<h2 class=\"wp-block-heading\">How long we retain your data<\/h2>\n\n<p>If you leave a comment, the comment and its metadata are retained indefinitely. This is so we can recognize and approve any follow-up comments automatically instead of holding them in a moderation queue.<\/p>\n\n<p>For users that register on our website (if any), we also store the personal information they provide in their user profile. All users can see, edit, or delete their personal information at any time (except they cannot change their username). Website administrators can also see and edit that information.<\/p>\n\n<h2 class=\"wp-block-heading\">What rights you have over your data<\/h2>\n\n<p>If you have an account on this site, or have left comments, you can request to receive an exported file of the personal data we hold about you, including any data you have provided to us. You can also request that we erase any personal data we hold about you. This does not include any data we are obliged to keep for administrative, legal, or security purposes.<\/p>\n\n<h2 class=\"wp-block-heading\">Where your data is sent<\/h2>\n\n<p>Visitor comments may be checked through an automated spam detection service.<\/p>\n\t\t\t\t\t\t\t\t<\/div>\n\t\t\t\t<\/div>\n\t\t\t\t\t<\/div>\n\t\t<\/div>\n\t\t\t\t\t<\/div>\n\t\t<\/section>\n\t\t\t\t<\/div>\n\t\t","protected":false},"excerpt":{"rendered":"<p>Mentions L\u00e9gales \u00c9DITEUR DU SITEAtelier MEP12 rue Vitruve 75020 ParisT. 33 (0)9 50 33 06 16\u00a0www.ateliermep.com CONCEPTION DU SITEConception et d\u00e9veloppement :\u00a0ateliermep ACC\u00c8S AU SITEL\u2019utilisateur du site internet www.ateliermep.com reconna\u00eet disposer de la comp\u00e9tence et des moyens n\u00e9cessaires pour acc\u00e9der et utiliser ce site internet. Conform\u00e9ment \u00e0 la loi du 6 janvier 1978 relative \u00e0 [&hellip;]<\/p>\n","protected":false},"author":1,"featured_media":0,"parent":0,"menu_order":0,"comment_status":"closed","ping_status":"closed","template":"","meta":{"footnotes":""},"class_list":["post-3","page","type-page","status-publish","hentry"],"yoast_head":"<!-- This site is optimized with the Yoast SEO plugin v26.4 - https:\/\/yoast.com\/wordpress\/plugins\/seo\/ -->\n<title>Mentions L\u00e9gales - Atelier MEP<\/title>\n<meta name=\"robots\" content=\"index, follow, max-snippet:-1, max-image-preview:large, max-video-preview:-1\" \/>\n<link rel=\"canonical\" href=\"https:\/\/www.ateliermep.com\/ateliermep\/privacy-policy\/\" \/>\n<meta property=\"og:locale\" content=\"fr_FR\" \/>\n<meta property=\"og:type\" content=\"article\" \/>\n<meta property=\"og:title\" content=\"Mentions L\u00e9gales - Atelier MEP\" \/>\n<meta property=\"og:description\" content=\"Mentions L\u00e9gales \u00c9DITEUR DU SITEAtelier MEP12 rue Vitruve 75020 ParisT. 33 (0)9 50 33 06 16\u00a0www.ateliermep.com CONCEPTION DU SITEConception et d\u00e9veloppement :\u00a0ateliermep ACC\u00c8S AU SITEL\u2019utilisateur du site internet www.ateliermep.com reconna\u00eet disposer de la comp\u00e9tence et des moyens n\u00e9cessaires pour acc\u00e9der et utiliser ce site internet. Conform\u00e9ment \u00e0 la loi du 6 janvier 1978 relative \u00e0 [&hellip;]\" \/>\n<meta property=\"og:url\" content=\"https:\/\/www.ateliermep.com\/ateliermep\/privacy-policy\/\" \/>\n<meta property=\"og:site_name\" content=\"Atelier MEP\" \/>\n<meta property=\"article:publisher\" content=\"https:\/\/www.facebook.com\/AtelierMep\" \/>\n<meta property=\"article:modified_time\" content=\"2024-04-02T10:17:49+00:00\" \/>\n<meta name=\"twitter:card\" content=\"summary_large_image\" \/>\n<meta name=\"twitter:label1\" content=\"Dur\u00e9e de lecture estim\u00e9e\" \/>\n\t<meta name=\"twitter:data1\" content=\"5 minutes\" \/>\n<script type=\"application\/ld+json\" class=\"yoast-schema-graph\">{\"@context\":\"https:\/\/schema.org\",\"@graph\":[{\"@type\":\"WebPage\",\"@id\":\"https:\/\/www.ateliermep.com\/ateliermep\/privacy-policy\/\",\"url\":\"https:\/\/www.ateliermep.com\/ateliermep\/privacy-policy\/\",\"name\":\"Mentions L\u00e9gales - Atelier MEP\",\"isPartOf\":{\"@id\":\"https:\/\/www.ateliermep.com\/ateliermep\/#website\"},\"datePublished\":\"2024-03-15T14:27:26+00:00\",\"dateModified\":\"2024-04-02T10:17:49+00:00\",\"breadcrumb\":{\"@id\":\"https:\/\/www.ateliermep.com\/ateliermep\/privacy-policy\/#breadcrumb\"},\"inLanguage\":\"fr-FR\",\"potentialAction\":[{\"@type\":\"ReadAction\",\"target\":[\"https:\/\/www.ateliermep.com\/ateliermep\/privacy-policy\/\"]}]},{\"@type\":\"BreadcrumbList\",\"@id\":\"https:\/\/www.ateliermep.com\/ateliermep\/privacy-policy\/#breadcrumb\",\"itemListElement\":[{\"@type\":\"ListItem\",\"position\":1,\"name\":\"Accueil\",\"item\":\"https:\/\/www.ateliermep.com\/ateliermep\/it\/home-italiano\/\"},{\"@type\":\"ListItem\",\"position\":2,\"name\":\"Mentions L\u00e9gales\"}]},{\"@type\":\"WebSite\",\"@id\":\"https:\/\/www.ateliermep.com\/ateliermep\/#website\",\"url\":\"https:\/\/www.ateliermep.com\/ateliermep\/\",\"name\":\"Atelier MEP\",\"description\":\"agence d&#039;architecture\",\"publisher\":{\"@id\":\"https:\/\/www.ateliermep.com\/ateliermep\/#organization\"},\"potentialAction\":[{\"@type\":\"SearchAction\",\"target\":{\"@type\":\"EntryPoint\",\"urlTemplate\":\"https:\/\/www.ateliermep.com\/ateliermep\/?s={search_term_string}\"},\"query-input\":{\"@type\":\"PropertyValueSpecification\",\"valueRequired\":true,\"valueName\":\"search_term_string\"}}],\"inLanguage\":\"fr-FR\"},{\"@type\":\"Organization\",\"@id\":\"https:\/\/www.ateliermep.com\/ateliermep\/#organization\",\"name\":\"Agence d'architecture\",\"url\":\"https:\/\/www.ateliermep.com\/ateliermep\/\",\"logo\":{\"@type\":\"ImageObject\",\"inLanguage\":\"fr-FR\",\"@id\":\"https:\/\/www.ateliermep.com\/ateliermep\/#\/schema\/logo\/image\/\",\"url\":\"https:\/\/www.ateliermep.com\/ateliermep\/wp-content\/uploads\/2024\/03\/Logo-Home-header-2.png\",\"contentUrl\":\"https:\/\/www.ateliermep.com\/ateliermep\/wp-content\/uploads\/2024\/03\/Logo-Home-header-2.png\",\"width\":350,\"height\":141,\"caption\":\"Agence d'architecture\"},\"image\":{\"@id\":\"https:\/\/www.ateliermep.com\/ateliermep\/#\/schema\/logo\/image\/\"},\"sameAs\":[\"https:\/\/www.facebook.com\/AtelierMep\",\"https:\/\/www.instagram.com\/atelier_mep\/\"]}]}<\/script>\n<!-- \/ Yoast SEO plugin. -->","yoast_head_json":{"title":"Mentions L\u00e9gales - Atelier MEP","robots":{"index":"index","follow":"follow","max-snippet":"max-snippet:-1","max-image-preview":"max-image-preview:large","max-video-preview":"max-video-preview:-1"},"canonical":"https:\/\/www.ateliermep.com\/ateliermep\/privacy-policy\/","og_locale":"fr_FR","og_type":"article","og_title":"Mentions L\u00e9gales - Atelier MEP","og_description":"Mentions L\u00e9gales \u00c9DITEUR DU SITEAtelier MEP12 rue Vitruve 75020 ParisT. 33 (0)9 50 33 06 16\u00a0www.ateliermep.com CONCEPTION DU SITEConception et d\u00e9veloppement :\u00a0ateliermep ACC\u00c8S AU SITEL\u2019utilisateur du site internet www.ateliermep.com reconna\u00eet disposer de la comp\u00e9tence et des moyens n\u00e9cessaires pour acc\u00e9der et utiliser ce site internet. Conform\u00e9ment \u00e0 la loi du 6 janvier 1978 relative \u00e0 [&hellip;]","og_url":"https:\/\/www.ateliermep.com\/ateliermep\/privacy-policy\/","og_site_name":"Atelier MEP","article_publisher":"https:\/\/www.facebook.com\/AtelierMep","article_modified_time":"2024-04-02T10:17:49+00:00","twitter_card":"summary_large_image","twitter_misc":{"Dur\u00e9e de lecture estim\u00e9e":"5 minutes"},"schema":{"@context":"https:\/\/schema.org","@graph":[{"@type":"WebPage","@id":"https:\/\/www.ateliermep.com\/ateliermep\/privacy-policy\/","url":"https:\/\/www.ateliermep.com\/ateliermep\/privacy-policy\/","name":"Mentions L\u00e9gales - Atelier MEP","isPartOf":{"@id":"https:\/\/www.ateliermep.com\/ateliermep\/#website"},"datePublished":"2024-03-15T14:27:26+00:00","dateModified":"2024-04-02T10:17:49+00:00","breadcrumb":{"@id":"https:\/\/www.ateliermep.com\/ateliermep\/privacy-policy\/#breadcrumb"},"inLanguage":"fr-FR","potentialAction":[{"@type":"ReadAction","target":["https:\/\/www.ateliermep.com\/ateliermep\/privacy-policy\/"]}]},{"@type":"BreadcrumbList","@id":"https:\/\/www.ateliermep.com\/ateliermep\/privacy-policy\/#breadcrumb","itemListElement":[{"@type":"ListItem","position":1,"name":"Accueil","item":"https:\/\/www.ateliermep.com\/ateliermep\/it\/home-italiano\/"},{"@type":"ListItem","position":2,"name":"Mentions L\u00e9gales"}]},{"@type":"WebSite","@id":"https:\/\/www.ateliermep.com\/ateliermep\/#website","url":"https:\/\/www.ateliermep.com\/ateliermep\/","name":"Atelier MEP","description":"agence d&#039;architecture","publisher":{"@id":"https:\/\/www.ateliermep.com\/ateliermep\/#organization"},"potentialAction":[{"@type":"SearchAction","target":{"@type":"EntryPoint","urlTemplate":"https:\/\/www.ateliermep.com\/ateliermep\/?s={search_term_string}"},"query-input":{"@type":"PropertyValueSpecification","valueRequired":true,"valueName":"search_term_string"}}],"inLanguage":"fr-FR"},{"@type":"Organization","@id":"https:\/\/www.ateliermep.com\/ateliermep\/#organization","name":"Agence d'architecture","url":"https:\/\/www.ateliermep.com\/ateliermep\/","logo":{"@type":"ImageObject","inLanguage":"fr-FR","@id":"https:\/\/www.ateliermep.com\/ateliermep\/#\/schema\/logo\/image\/","url":"https:\/\/www.ateliermep.com\/ateliermep\/wp-content\/uploads\/2024\/03\/Logo-Home-header-2.png","contentUrl":"https:\/\/www.ateliermep.com\/ateliermep\/wp-content\/uploads\/2024\/03\/Logo-Home-header-2.png","width":350,"height":141,"caption":"Agence d'architecture"},"image":{"@id":"https:\/\/www.ateliermep.com\/ateliermep\/#\/schema\/logo\/image\/"},"sameAs":["https:\/\/www.facebook.com\/AtelierMep","https:\/\/www.instagram.com\/atelier_mep\/"]}]}},"_links":{"self":[{"href":"https:\/\/www.ateliermep.com\/ateliermep\/wp-json\/wp\/v2\/pages\/3","targetHints":{"allow":["GET"]}}],"collection":[{"href":"https:\/\/www.ateliermep.com\/ateliermep\/wp-json\/wp\/v2\/pages"}],"about":[{"href":"https:\/\/www.ateliermep.com\/ateliermep\/wp-json\/wp\/v2\/types\/page"}],"author":[{"embeddable":true,"href":"https:\/\/www.ateliermep.com\/ateliermep\/wp-json\/wp\/v2\/users\/1"}],"replies":[{"embeddable":true,"href":"https:\/\/www.ateliermep.com\/ateliermep\/wp-json\/wp\/v2\/comments?post=3"}],"version-history":[{"count":17,"href":"https:\/\/www.ateliermep.com\/ateliermep\/wp-json\/wp\/v2\/pages\/3\/revisions"}],"predecessor-version":[{"id":512,"href":"https:\/\/www.ateliermep.com\/ateliermep\/wp-json\/wp\/v2\/pages\/3\/revisions\/512"}],"wp:attachment":[{"href":"https:\/\/www.ateliermep.com\/ateliermep\/wp-json\/wp\/v2\/media?parent=3"}],"curies":[{"name":"wp","href":"https:\/\/api.w.org\/{rel}","templated":true}]}}